{"id":5000,"date":"2017-12-17T15:18:51","date_gmt":"2017-12-17T14:18:51","guid":{"rendered":"http:\/\/fabiankreuzer.de\/vita\/"},"modified":"2021-04-25T21:37:46","modified_gmt":"2021-04-25T19:37:46","slug":"vita","status":"publish","type":"page","link":"https:\/\/fabiankreuzer.de\/en\/vita\/","title":{"rendered":"Vita"},"content":{"rendered":"<div class=\"wpb-content-wrapper\"><p>[vc_row content_placement=&#8221;top&#8221;][vc_column][rev_slider_vc alias=&#8221;vita&#8221;][\/vc_column][\/vc_row][vc_row][vc_column][vc_row_inner gap=&#8221;35&#8243;][vc_column_inner offset=&#8221;vc_hidden-xs&#8221;][vc_column_text]<\/p>\n<h1>Fabian Kreuzer is a Principal Interaction Designer and expert for holistic, brand shaping and multisensory user experience.<\/h1>\n<p>[\/vc_column_text][\/vc_column_inner][\/vc_row_inner][\/vc_column][\/vc_row][vc_row][vc_column][vc_row_inner gap=&#8221;35&#8243;][vc_column_inner offset=&#8221;vc_hidden-lg vc_hidden-md vc_hidden-sm&#8221;][vc_column_text]<\/p>\n<h2>Fabian Kreuzer is a Principal Interaction Designer and expert for holistic, brand shaping and multisensory user experience.<\/h2>\n<p>[\/vc_column_text][\/vc_column_inner][\/vc_row_inner][\/vc_column][\/vc_row][vc_row][vc_column][vc_row_inner gap=&#8221;35&#8243;][vc_column_inner width=&#8221;1\/2&#8243;][vc_column_text]<\/p>\n<h2 class=\"widgettitle\">Competence Lead Interaction Innovation<\/h2>\n<p>Excellent human-machine interaction uses all senses to communicate and exploits the possibilities of the latest technologies. Fabian Kreuzer established tools such as the &#8220;Visual Output Technologies Map&#8221;, trained employees in this field and consulted international clients.[\/vc_column_text][vc_column_text]<\/p>\n<h2>Design Lead<\/h2>\n<p>He was responsible for the visual and conceptual quality of projects for clients such as BMW and MAN.[\/vc_column_text][vc_column_text]<\/p>\n<h2>Qualifications and Roles<\/h2>\n<p>Project Manager<br \/>\nCompetence Lead Interaction Innovation<br \/>\nDesign Lead<br \/>\nPrincipal User Interface Designer<br \/>\nBachelor of Arts, Interaction Designer<br \/>\nState-certified Graphic Designer[\/vc_column_text][\/vc_column_inner][vc_column_inner width=&#8221;1\/2&#8243;][vc_column_text]<\/p>\n<h2>Core Industries<\/h2>\n<p>The main fields of activity are Automotive &amp; Mobility, Finance &amp; Insurance, Health Care, Consumer Electronics and Household Appliances. The transfer of knowledge through cross-industry experience promotes smarter solutions and leads to better products.[\/vc_column_text][vc_single_image source=&#8221;external_link&#8221; custom_src=&#8221;https:\/\/live.staticflickr.com\/4726\/38229787835_9493073776_o.png&#8221;][\/vc_column_inner][\/vc_row_inner][vc_row_inner][vc_column_inner][lab_divider text_style=&#8221;7&#8243; title=&#8221;Professional Experience&#8221;][\/vc_column_inner][\/vc_row_inner][vc_row_inner equal_height=&#8221;yes&#8221; gap=&#8221;5&#8243;][vc_column_inner width=&#8221;1\/4&#8243; offset=&#8221;vc_col-lg-2 vc_col-md-3 vc_col-xs-5 vc_hidden-xs&#8221;][vc_column_text]08\/2019 &#8211; Today<br \/>\n&nbsp;<br \/>\n&nbsp;<br \/>\n10\/2016 &#8211; 07\/2019<br \/>\n&nbsp;<br \/>\n&nbsp;<br \/>\n&nbsp;<br \/>\n02\/2015 &#8211; 10\/2016<br \/>\n&nbsp;<br \/>\n&nbsp;<br \/>\n10\/2014 &#8211; 01\/2015<br \/>\n&nbsp;<br \/>\n&nbsp;<br \/>\n07\/2012 &#8211; 09\/2014<br \/>\n&nbsp;<br \/>\n&nbsp;<br \/>\n02\/2012 &#8211; 04\/2012<br \/>\n&nbsp;<br \/>\n&nbsp;<br \/>\n08\/2010 &#8211; 02\/2011<br \/>\n&nbsp;<br \/>\n&nbsp;<br \/>\n06\/2006 &#8211; 06\/2012<br \/>\n&nbsp;<br \/>\n&nbsp;<br \/>\n06\/2006 &#8211; 03\/2007[\/vc_column_text][\/vc_column_inner][vc_column_inner width=&#8221;1\/2&#8243; offset=&#8221;vc_col-lg-5 vc_col-md-9 vc_col-xs-6 vc_hidden-xs&#8221;][vc_column_text]Fabian Kreuzer (Studio), Munich<br \/>\nPrincipal Interaction Designer<br \/>\n&nbsp;<br \/>\n<a href=\"http:\/\/www.designaffairs.com\" target=\"_blank\" rel=\"noopener noreferrer\">designaffairs<\/a>, M\u00fcnchen<br \/>\nCompetence Lead Interaction Innovation<br \/>\nPrincipal Interaction Designer<br \/>\n&nbsp;<br \/>\n<a href=\"http:\/\/www.designaffairs.com\" target=\"_blank\" rel=\"noopener noreferrer\">designaffairs<\/a>, Munich<br \/>\nSenior Interaction Designer<br \/>\n&nbsp;<br \/>\n<a href=\"http:\/\/www.mojocollective.com\" target=\"_blank\" rel=\"noopener noreferrer\">mojo collective<\/a>, Australia<br \/>\nInteraction Designer<br \/>\n&nbsp;<br \/>\n<a href=\"http:\/\/www.designaffairs.com\" target=\"_blank\" rel=\"noopener noreferrer\">designaffairs<\/a>, Munich<br \/>\nInteraction Designer<br \/>\n&nbsp;<br \/>\n<a href=\"http:\/\/www.mutabor.de\" target=\"_blank\" rel=\"noopener noreferrer\">MUTABOR Design<\/a>, Hamburg<br \/>\nInteraction Designer, Freelancer<br \/>\n&nbsp;<br \/>\n<a href=\"http:\/\/www.teague.com\" target=\"_blank\" rel=\"noopener noreferrer\">TEAGUE<\/a>, Munich<br \/>\nInteraction Designer,\u00a0Internship<br \/>\n&nbsp;<br \/>\nFreelancer, Stuttgart<br \/>\nCommunication Designer<br \/>\n&nbsp;<br \/>\nNaturally Fiordland, New Zealand<br \/>\nChef[\/vc_column_text][\/vc_column_inner][\/vc_row_inner][vc_row_inner equal_height=&#8221;yes&#8221; gap=&#8221;5&#8243;][vc_column_inner width=&#8221;1\/4&#8243; offset=&#8221;vc_col-lg-2 vc_hidden-lg vc_col-md-3 vc_hidden-md vc_hidden-sm vc_col-xs-4&#8243;][vc_column_text]08\/2019 &#8211;<br \/>\nToday<br \/>\n&nbsp;<br \/>\n&nbsp;<br \/>\n&nbsp;<br \/>\n&nbsp;<br \/>\n10\/2016 &#8211;<br \/>\n07\/2019<br \/>\n&nbsp;<br \/>\n&nbsp;<br \/>\n&nbsp;<br \/>\n&nbsp;<br \/>\n&nbsp;<br \/>\n02\/2015 &#8211;<br \/>\n10\/2016<br \/>\n&nbsp;<br \/>\n10\/2014 &#8211;<br \/>\n01\/2015<br \/>\n&nbsp;<br \/>\n&nbsp;<br \/>\n07\/2012 &#8211;<br \/>\n09\/2014<br \/>\n&nbsp;<br \/>\n02\/2012 &#8211;<br \/>\n04\/2012<br \/>\n&nbsp;<br \/>\n&nbsp;<br \/>\n&nbsp;<br \/>\n08\/2010 &#8211;<br \/>\n02\/2011<br \/>\n&nbsp;<br \/>\n&nbsp;<br \/>\n06\/2006 &#8211;<br \/>\n06\/2012<br \/>\n&nbsp;<br \/>\n06\/2006 &#8211;<br \/>\n03\/2007[\/vc_column_text][\/vc_column_inner][vc_column_inner width=&#8221;1\/2&#8243; offset=&#8221;vc_col-lg-5 vc_hidden-lg vc_col-md-9 vc_hidden-md vc_hidden-sm vc_col-xs-8&#8243;][vc_column_text]Fabian Kreuzer (Studio)<br \/>\nMunich<br \/>\nPrincipal<br \/>\nInteraction<br \/>\nDesigner<br \/>\n&nbsp;<br \/>\n<a href=\"http:\/\/www.designaffairs.com\" target=\"_blank\" rel=\"noopener noreferrer\">designaffairs<\/a>, Munich<br \/>\nCompetence Lead<br \/>\nInteraction Innovation<br \/>\nPrincipal<br \/>\nInteraction<br \/>\nDesigner<br \/>\n&nbsp;<br \/>\n<a href=\"http:\/\/www.designaffairs.com\" target=\"_blank\" rel=\"noopener noreferrer\">designaffairs<\/a>, Munich<br \/>\nSenior Interaction Designer<br \/>\n&nbsp;<br \/>\n<a href=\"http:\/\/www.mojocollective.com\" target=\"_blank\" rel=\"noopener noreferrer\">mojo collective<\/a><br \/>\nAustralia<br \/>\nInteraction Designer<br \/>\n&nbsp;<br \/>\n<a href=\"http:\/\/www.designaffairs.com\" target=\"_blank\" rel=\"noopener noreferrer\">designaffairs<\/a>, Munich<br \/>\nInteraction Designer<br \/>\n&nbsp;<br \/>\n<a href=\"http:\/\/www.mutabor.de\" target=\"_blank\" rel=\"noopener noreferrer\">MUTABOR Design<\/a><br \/>\nHamburg<br \/>\nInteraction Designer<br \/>\nFreelancer<br \/>\n&nbsp;<br \/>\n<a href=\"http:\/\/www.teague.com\" target=\"_blank\" rel=\"noopener noreferrer\">TEAGUE<\/a>, Munich<br \/>\nInteraction Designer<br \/>\nPraxissemester<br \/>\n&nbsp;<br \/>\nFreelancer, Stuttgart<br \/>\nCommunication Designer<br \/>\n&nbsp;<br \/>\nNaturally Fiordland<br \/>\nNew Zealand<br \/>\nChef[\/vc_column_text][\/vc_column_inner][\/vc_row_inner][lab_divider text_style=&#8221;7&#8243; title=&#8221;Education&#8221;][vc_row_inner equal_height=&#8221;yes&#8221; gap=&#8221;5&#8243;][vc_column_inner width=&#8221;1\/4&#8243; offset=&#8221;vc_col-lg-2 vc_col-md-3 vc_hidden-sm vc_col-xs-5 vc_hidden-xs&#8221;][vc_column_text]09\/2008 &#8211; 02\/2012<br \/>\n&nbsp;<br \/>\n&nbsp;<br \/>\n&nbsp;<br \/>\n&nbsp;<br \/>\n09\/2003 &#8211; 06\/2006[\/vc_column_text][\/vc_column_inner][vc_column_inner width=&#8221;3\/4&#8243; offset=&#8221;vc_col-lg-9 vc_col-md-9 vc_col-sm-offset-0 vc_hidden-sm vc_col-xs-1 vc_hidden-xs&#8221;][vc_column_text]<a href=\"http:\/\/www.hfg-gmuend.de\" target=\"_blank\" rel=\"noopener noreferrer\">Hochschule f\u00fcr Gestaltung Schw\u00e4bisch Gm\u00fcnd<\/a><br \/>\nInteraction Design, Bachelor of Arts<br \/>\nInterface Design, Application Design,<br \/>\nInvention Design, Interactive Communication Systems<br \/>\n&nbsp;<br \/>\nKolping-Akademie f\u00fcr Kommunikations-Design und Multimedia<br \/>\nState-Certified Graphic Designer<br \/>\nCorporate Design, Typography, Print[\/vc_column_text][\/vc_column_inner][\/vc_row_inner][vc_row_inner equal_height=&#8221;yes&#8221; gap=&#8221;5&#8243;][vc_column_inner width=&#8221;1\/4&#8243; offset=&#8221;vc_col-lg-2 vc_hidden-lg vc_col-md-3 vc_hidden-md vc_col-xs-5 vc_hidden-xs&#8221;][vc_column_text]09\/2008 &#8211; 02\/2012<br \/>\n&nbsp;<br \/>\n&nbsp;<br \/>\n&nbsp;<br \/>\n&nbsp;<br \/>\n09\/2003 &#8211; 06\/2006[\/vc_column_text][\/vc_column_inner][vc_column_inner width=&#8221;3\/4&#8243; offset=&#8221;vc_col-lg-9 vc_hidden-lg vc_col-md-9 vc_hidden-md vc_col-sm-offset-0 vc_col-xs-1 vc_hidden-xs&#8221;][vc_column_text]<a href=\"http:\/\/www.hfg-gmuend.de\" target=\"_blank\" rel=\"noopener noreferrer\">Hochschule f\u00fcr Gestaltung Schw\u00e4bisch Gm\u00fcnd<\/a><br \/>\nInteraction Design, Bachelor of Arts<br \/>\nInterface Design, Application Design,<br \/>\nInvention Design, Interactive Communication Systems<br \/>\n&nbsp;<br \/>\nKolping-Akademie f\u00fcr Kommunikations-Design und Multimedia<br \/>\nState-Certified Graphic Designer<br \/>\nCorporate Design, Typography, Print[\/vc_column_text][\/vc_column_inner][\/vc_row_inner][vc_row_inner equal_height=&#8221;yes&#8221; gap=&#8221;5&#8243;][vc_column_inner width=&#8221;1\/6&#8243; offset=&#8221;vc_col-lg-2 vc_hidden-lg vc_col-md-3 vc_hidden-md vc_hidden-sm vc_col-xs-3&#8243;][vc_column_text]09\/2008<br \/>\n&#8211;<br \/>\n02\/2012<br \/>\n&nbsp;<br \/>\n&nbsp;<br \/>\n&nbsp;<br \/>\n&nbsp;<br \/>\n&nbsp;<br \/>\n&nbsp;<br \/>\n&nbsp;<br \/>\n09\/2003<br \/>\n&#8211;<br \/>\n06\/2006[\/vc_column_text][\/vc_column_inner][vc_column_inner width=&#8221;11\/12&#8243; offset=&#8221;vc_col-lg-9 vc_hidden-lg vc_col-md-9 vc_hidden-md vc_col-sm-offset-0 vc_hidden-sm vc_col-xs-9&#8243;][vc_column_text]<a href=\"http:\/\/www.hfg-gmuend.de\" target=\"_blank\" rel=\"noopener noreferrer\">Hochschule f\u00fcr Gestaltung<br \/>\nSchw\u00e4bisch Gm\u00fcnd<\/a><br \/>\nInteraction Design<br \/>\nBachelor of Arts<br \/>\nInterface Design<br \/>\nApplication Design<br \/>\nInvention Design<br \/>\nInteractive<br \/>\nCommunication Systems<br \/>\n&nbsp;<br \/>\nKolping-Akademie f\u00fcr<br \/>\nKommunikations-Design<br \/>\nund Multimedia<br \/>\nState-Certified<br \/>\nGraphic Designer<br \/>\nCorporate Design<br \/>\nTypography, Print[\/vc_column_text][\/vc_column_inner][\/vc_row_inner][lab_divider text_style=&#8221;7&#8243; title=&#8221;Awards&#8221;][\/vc_column][\/vc_row][vc_row][vc_column width=&#8221;1\/12&#8243; offset=&#8221;vc_col-xs-3 vc_hidden-xs&#8221;][vc_column_text]2020<br \/>\n2020<br \/>\n2020<br \/>\n2014<br \/>\n2012<br \/>\n2012<br \/>\n2012<br \/>\n2012<br \/>\n2011[\/vc_column_text][\/vc_column][vc_column width=&#8221;5\/6&#8243; offset=&#8221;vc_hidden-xs&#8221;][vc_column_text]<a href=\"https:\/\/fabiankreuzer.de\/en\/the-man-cockpit-won-the-red-dot-award-gold-of-the-german-design-award-and-the-ux-design-award\/\">German Design Award<\/a><br \/>\n<a href=\"https:\/\/fabiankreuzer.de\/en\/the-man-cockpit-won-the-red-dot-award-gold-of-the-german-design-award-and-the-ux-design-award\/\">UX Design Award<\/a><br \/>\n<a href=\"https:\/\/fabiankreuzer.de\/en\/the-man-cockpit-won-the-red-dot-award-gold-of-the-german-design-award-and-the-ux-design-award\/\">Red Dot Award<\/a><br \/>\n<a href=\"http:\/\/fabiankreuzer.de\/red-dot-award-in-der-kategorie-software-interfaces-and-usability\/\">Red Dot Award in Software Interfaces &amp; Usability<\/a><br \/>\n<a title=\"\u00dcbermorgenmacher\" href=\"http:\/\/fabiankreuzer.de\/uebermorgenmacher\/\" target=\"_blank\" rel=\"noopener noreferrer\">\u00dcbermorgenmacher \u2013 60 Jahre Baden-W\u00fcrttemberg<\/a><br \/>\n<a title=\"Zukunftspreis\" href=\"http:\/\/fabiankreuzer.de\/erste-platz-beim-zukunftspreis-kommunikation\/\" target=\"_blank\" rel=\"noopener noreferrer\">Zukunftspreis Kommunikation, Frankfurt am Main<\/a><br \/>\n<a title=\"Digital Communication Award\" href=\"http:\/\/fabiankreuzer.de\/digital-communication-award\/\" target=\"_blank\" rel=\"noopener noreferrer\">Digital Communication Award, Berlin<\/a><br \/>\n<a href=\"http:\/\/fabiankreuzer.de\/annual-multimedia-award\/\">Annual Multimedia Award, Berlin<\/a><br \/>\n<a title=\"World Usability Day\" href=\"http:\/\/fabiankreuzer.de\/erster-preis-auf-dem-world-usability-day\/\" target=\"_blank\" rel=\"noopener noreferrer\">World Usability Day, Mannheim<\/a>[\/vc_column_text][\/vc_column][\/vc_row][vc_row][vc_column width=&#8221;1\/12&#8243; offset=&#8221;vc_hidden-lg vc_hidden-md vc_hidden-sm vc_col-xs-3&#8243;][vc_column_text]2020<br \/>\n2020<br \/>\n2020<br \/>\n2014<br \/>\n&nbsp;<br \/>\n2012<br \/>\n&nbsp;<br \/>\n2012<br \/>\n2012<br \/>\n2012<br \/>\n2011[\/vc_column_text][\/vc_column][vc_column width=&#8221;5\/6&#8243; offset=&#8221;vc_hidden-lg vc_hidden-md vc_hidden-sm&#8221;][vc_column_text]<a href=\"https:\/\/fabiankreuzer.de\/en\/the-man-cockpit-won-the-red-dot-award-gold-of-the-german-design-award-and-the-ux-design-award\/\">German Design Award<\/a><br \/>\n<a href=\"https:\/\/fabiankreuzer.de\/en\/the-man-cockpit-won-the-red-dot-award-gold-of-the-german-design-award-and-the-ux-design-award\/\">UX Design Award<\/a><br \/>\n<a href=\"https:\/\/fabiankreuzer.de\/en\/the-man-cockpit-won-the-red-dot-award-gold-of-the-german-design-award-and-the-ux-design-award\/\">Red Dot Award<\/a><br \/>\n<a href=\"http:\/\/fabiankreuzer.de\/red-dot-award-in-der-kategorie-software-interfaces-and-usability\/\">Red Dot Award<br \/>\nin Software Interfaces &amp; Usability<\/a><br \/>\n<a title=\"\u00dcbermorgenmacher\" href=\"http:\/\/fabiankreuzer.de\/uebermorgenmacher\/\" target=\"_blank\" rel=\"noopener noreferrer\">\u00dcbermorgenmacher \u2013<br \/>\n60 Jahre Baden-W\u00fcrttemberg<\/a><br \/>\n<a title=\"Zukunftspreis\" href=\"http:\/\/fabiankreuzer.de\/erste-platz-beim-zukunftspreis-kommunikation\/\" target=\"_blank\" rel=\"noopener noreferrer\">Zukunftspreis Kommunikation<\/a><br \/>\n<a title=\"Digital Communication Award\" href=\"http:\/\/fabiankreuzer.de\/digital-communication-award\/\" target=\"_blank\" rel=\"noopener noreferrer\">Digital Communication Award<\/a><br \/>\n<a href=\"http:\/\/fabiankreuzer.de\/annual-multimedia-award\/\">Annual Multimedia Award<\/a><br \/>\n<a title=\"World Usability Day\" href=\"http:\/\/fabiankreuzer.de\/erster-preis-auf-dem-world-usability-day\/\" target=\"_blank\" rel=\"noopener noreferrer\">World Usability Day<\/a>[\/vc_column_text][\/vc_column][\/vc_row][vc_row][vc_column][lab_divider text_style=&#8221;7&#8243; title=&#8221;Television and Radio&#8221;][vc_column_text]swr3<br \/>\nswr1<br \/>\n<a href=\"http:\/\/fabiankreuzer.de\/uebermorgenmacher\/\">SWR<\/a><br \/>\nwowow (Pay TV Japan)<br \/>\nCTC TV Channel<br \/>\nrheinmein tv<br \/>\nRadio Energy[\/vc_column_text][lab_divider text_style=&#8221;7&#8243; title=&#8221;Magazines and Books&#8221;][vc_column_text]<a href=\"https:\/\/www.elektronikpraxis.vogel.de\/wie-sich-interface-systeme-in-zukunft-entwickeln-koennten-a-640288\/\">Elektronik Praxis<\/a><br \/>\n<a href=\"http:\/\/prototypinginterfaces.com\" target=\"_blank\" rel=\"noopener noreferrer\">prototyping interfaces<\/a><br \/>\nWeave<br \/>\n<a href=\"http:\/\/fabiankreuzer.de\/annual-multimedia-award\/\">Annual Multimedia Award 2013<\/a>[\/vc_column_text][lab_divider text_style=&#8221;7&#8243; title=&#8221;Blogs&#8221;][vc_column_text]<a title=\"in my fridge\" href=\"http:\/\/construccionelnuevodia.com\/noticia\/inteligente-hogar\/\" target=\"_blank\" rel=\"noopener noreferrer\">www.construccionelnuevodia.com<\/a><br \/>\n<a title=\"in my fridge\" href=\"http:\/\/www.vanguardia.com.mx\/hogaresinteligentes-2359858.html\" target=\"_blank\" rel=\"noopener noreferrer\">www.vanguardia.com.mx<\/a><br \/>\n<a href=\"http:\/\/www.eldia.com\/deco\/hogar-inteligente-hogar-83111\" target=\"_blank\" rel=\"noopener noreferrer\">www.eldia.com<\/a><br \/>\n<a title=\"In my fridge\" href=\"http:\/\/laprensa.mx\/notas.asp?id=383428\" target=\"_blank\" rel=\"noopener noreferrer\">www.laprensa.mx<\/a><br \/>\n<a title=\"In My Fridge\" href=\"http:\/\/www.yankodesign.com\/2011\/10\/20\/the-future-fridge\/\" target=\"_blank\" rel=\"noopener noreferrer\">www.yankodesign.com<\/a><br \/>\n<a title=\"In My Fridge\" href=\"http:\/\/www.designmadeingermany.de\/2011\/19291\/\" target=\"_blank\" rel=\"noopener noreferrer\">www.designmadeingermany.de<\/a><br \/>\n<a href=\"http:\/\/www.energy-fresh.ru\/tech\/byt\/?id=2178\" target=\"_blank\" rel=\"noopener noreferrer\">www.energy-fresh.ru<\/a><br \/>\n<a href=\"http:\/\/www.novate.ru\/blogs\/201011\/19111\/\" target=\"_blank\" rel=\"noopener noreferrer\">www.novate.ru<\/a><br \/>\n<a href=\"http:\/\/tecmundo.com.br\/novidade\/14544-geladeira-do-futuro-possui-tela-sensivel-ao-toque-e-ate-visao-virtual-em-3d.htm\" target=\"_blank\" rel=\"noopener noreferrer\">www.tecmundo.com<\/a><br \/>\n<a href=\"http:\/\/doriskos.wordpress.com\/2011\/05\/02\/infografico-vivo\/\" target=\"_blank\" rel=\"noopener noreferrer\">www.doriskos.com<\/a><br \/>\n<a href=\"http:\/\/freshome.com\/2011\/10\/20\/food-management-in-the-future-video\/\" target=\"_blank\" rel=\"noopener noreferrer\">www.freshome.com<\/a><br \/>\n<a title=\"In My Fridge\" href=\"http:\/\/stadt-bremerhaven.de\/zukunftsmusik-der-kuehlschrank-der-zukunft\/\" target=\"_blank\" rel=\"noopener noreferrer\">www.stadt-bremerhaven.de<\/a><br \/>\n<a href=\"http:\/\/www.sales-design.de\/2012\/10\/gestensteuerung-an-der-frischetheke\/\" target=\"_blank\" rel=\"noopener noreferrer\">www.sales-design.de<\/a><br \/>\n<a href=\"http:\/\/vvvv.org\/blog\/watchful\" target=\"_blank\" rel=\"noopener noreferrer\">www.vvvv.org<\/a><br \/>\n<a title=\"In My Fridge\" href=\"http:\/\/3dnchu.jimdo.com\/2011\/10\/09\/in-my-fridge-\u672a\u6765\u306e\u30bf\u30c3\u30c1\u30d1\u30cd\u30eb\u4ed8\u304d\u51b7\u8535\u5eab\u30b3\u30f3\u30bb\u30d7\u30c8\u6620\u50cf\/\" target=\"_blank\" rel=\"noopener noreferrer\">www.3dnchu.jimdo.com\/<\/a><br \/>\n<a href=\"http:\/\/appliances.wonderhowto.com\/inspiration\/giving-your-fridge-mind-its-own-with-rifd-tags-0130221\/\" target=\"_blank\" rel=\"noopener noreferrer\">www.wonderhowto.com<\/a><br \/>\n<a href=\"http:\/\/www.techtudo.com.br\/curiosidades\/noticia\/2011\/10\/projeto-conceitual-de-geladeira-promete-revolucionar-organizacao-da-sua-comida.html\" target=\"_blank\" rel=\"noopener noreferrer\">www.techtudo.com<\/a><br \/>\n<a href=\"http:\/\/www.tomsguide.fr\/actualite\/refrigerateur-tactile,1380.html\" target=\"_blank\" rel=\"noopener noreferrer\">www.tomsguide.fr<\/a><br \/>\n<a href=\"http:\/\/www.crnobelo.com\/zivot\/tehnologija\/9961-friziderot-na-idninata\" target=\"_blank\" rel=\"noopener noreferrer\">www.crnobelo.com<\/a><br \/>\n<a href=\"http:\/\/mydesiredhome.com\/the-refrigerator-of-the-future-by-kreuzer-and-schilling\/\" target=\"_blank\" rel=\"noopener noreferrer\">www.mydesiredhome.com<\/a><br \/>\n<a href=\"http:\/\/www.home-designing.com\/2011\/10\/7-videos-that-vision-how-things-could-be-in-the-future\" target=\"_blank\" rel=\"noopener noreferrer\">www.home-designing.com\/<\/a><br \/>\n<a href=\"http:\/\/www.trendhunter.com\/trends\/in-my-fridge\" target=\"_blank\" rel=\"noopener noreferrer\">www.trendhunter.com<\/a><br \/>\n<a href=\"http:\/\/technabob.com\/blog\/2011\/10\/13\/arduino-rfid-refrigerator-concept\/\" target=\"_blank\" rel=\"noopener noreferrer\">www.technabob.com<\/a><br \/>\n<a href=\"http:\/\/freshgadgets.nl\/de-koelkast-van-de-toekomst\">www.freshgadgets.nl<\/a><br \/>\n<a href=\"http:\/\/tumblr.poptech.org\/post\/11067671327\/in-my-fridge-was-a-project-developed-at-the\" target=\"_blank\" rel=\"noopener noreferrer\">www.poptech.org<\/a><br \/>\n<a href=\"http:\/\/technabob.com\/blog\/2011\/10\/13\/arduino-rfid-refrigerator-concept\/\" target=\"_blank\" rel=\"noopener noreferrer\">www.technabob.com<\/a><br \/>\n&#8230;[\/vc_column_text][\/vc_column][\/vc_row]<\/p>\n<\/div>","protected":false},"excerpt":{"rendered":"<p>[vc_row content_placement=&#8221;top&#8221;][vc_column][rev_slider_vc alias=&#8221;vita&#8221;][\/vc_column][\/vc_row][vc_row][vc_column][vc_row_inner gap=&#8221;35&#8243;][vc_column_inner offset=&#8221;vc_hidden-xs&#8221;][vc_column_text] Fabian Kreuzer is a Principal Interaction Designer and expert for holistic, brand shaping and multisensory user experience. [\/vc_column_text][\/vc_column_inner][\/vc_row_inner][\/vc_column][\/vc_row][vc_row][vc_column][vc_row_inner gap=&#8221;35&#8243;][vc_column_inner offset=&#8221;vc_hidden-lg vc_hidden-md vc_hidden-sm&#8221;][vc_column_text] Fabian Kreuzer is a Principal Interaction Designer and expert for holistic, brand shaping and multisensory user experience. [\/vc_column_text][\/vc_column_inner][\/vc_row_inner][\/vc_column][\/vc_row][vc_row][vc_column][vc_row_inner gap=&#8221;35&#8243;][vc_column_inner width=&#8221;1\/2&#8243;][vc_column_text] Competence Lead Interaction Innovation Excellent human-machine interaction uses&hellip;<\/p>\n","protected":false},"author":1,"featured_media":0,"parent":0,"menu_order":0,"comment_status":"closed","ping_status":"closed","template":"","meta":{"_acf_changed":false,"footnotes":""},"class_list":["post-5000","page","type-page","status-publish","hentry"],"acf":[],"_links":{"self":[{"href":"https:\/\/fabiankreuzer.de\/en\/wp-json\/wp\/v2\/pages\/5000"}],"collection":[{"href":"https:\/\/fabiankreuzer.de\/en\/wp-json\/wp\/v2\/pages"}],"about":[{"href":"https:\/\/fabiankreuzer.de\/en\/wp-json\/wp\/v2\/types\/page"}],"author":[{"embeddable":true,"href":"https:\/\/fabiankreuzer.de\/en\/wp-json\/wp\/v2\/users\/1"}],"replies":[{"embeddable":true,"href":"https:\/\/fabiankreuzer.de\/en\/wp-json\/wp\/v2\/comments?post=5000"}],"version-history":[{"count":56,"href":"https:\/\/fabiankreuzer.de\/en\/wp-json\/wp\/v2\/pages\/5000\/revisions"}],"predecessor-version":[{"id":5980,"href":"https:\/\/fabiankreuzer.de\/en\/wp-json\/wp\/v2\/pages\/5000\/revisions\/5980"}],"wp:attachment":[{"href":"https:\/\/fabiankreuzer.de\/en\/wp-json\/wp\/v2\/media?parent=5000"}],"curies":[{"name":"wp","href":"https:\/\/api.w.org\/{rel}","templated":true}]}}